{"id":5934,"date":"2025-05-26T12:18:20","date_gmt":"2025-05-26T12:18:20","guid":{"rendered":"https:\/\/osar.is\/?page_id=5934"},"modified":"2025-07-10T15:12:26","modified_gmt":"2025-07-10T15:12:26","slug":"esg-reporting-2024","status":"publish","type":"page","link":"https:\/\/osar.is\/staging\/esg-reporting-2024\/","title":{"rendered":"ESG Reporting"},"content":{"rendered":"<p><div class=\"fusion-fullwidth fullwidth-box fusion-builder-row-1 fusion-flex-container has-pattern-background has-mask-background fusion-parallax-none nonhundred-percent-fullwidth non-hundred-percent-height-scrolling lazyload\" style=\"--awb-background-position-medium:left top;--awb-border-radius-top-left:0px;--awb-border-radius-top-right:0px;--awb-border-radius-bottom-right:0px;--awb-border-radius-bottom-left:0px;--awb-padding-top:500px;--awb-background-image:linear-gradient(180deg, rgba(1,25,12,0.9) 35%,rgba(1,25,12,0.15) 100%);;--awb-background-image-small:linear-gradient(180deg, rgba(1,25,12,0.9) 35%,rgba(1,25,12,0.15) 100%);;--awb-background-size:cover;--awb-flex-wrap:wrap;\" data-bg=\"https:\/\/osar.is\/staging\/wp-content\/uploads\/2024\/06\/NorrisNiman-Print22-016_web-scaled.jpg\" data-fusion-responsive-bg=\"1\" data-bg-small=\"https:\/\/osar.is\/staging\/wp-content\/uploads\/2025\/03\/transparent-spacer.png\" data-bg-gradient=\"linear-gradient(180deg, rgba(1,25,12,0.9) 35%,rgba(1,25,12,0.15) 100%)\" ><div class=\"fusion-builder-row fusion-row fusion-flex-align-items-flex-start fusion-flex-content-wrap\" style=\"max-width:1206.4px;margin-left: calc(-4% \/ 2 );margin-right: calc(-4% \/ 2 );\"><\/div><\/div><div class=\"fusion-fullwidth fullwidth-box fusion-builder-row-2 fusion-flex-container nonhundred-percent-fullwidth non-hundred-percent-height-scrolling\" style=\"--link_color: #000000;--awb-border-radius-top-left:0px;--awb-border-radius-top-right:0px;--awb-border-radius-bottom-right:0px;--awb-border-radius-bottom-left:0px;--awb-padding-top:132px;--awb-padding-bottom:84px;--awb-flex-wrap:wrap;\" ><div class=\"fusion-builder-row fusion-row fusion-flex-align-items-flex-start fusion-flex-justify-content-center fusion-flex-content-wrap\" style=\"max-width:calc( 1160px + 24px );margin-left: calc(-24px \/ 2 );margin-right: calc(-24px \/ 2 );\"><div class=\"fusion-layout-column fusion_builder_column fusion-builder-column-0 fusion-flex-column fusion-flex-align-self-stretch\" style=\"--awb-padding-right:12px;--awb-padding-left:12px;--awb-padding-right-medium:0px;--awb-padding-left-medium:0px;--awb-bg-size:cover;--awb-width-large:28%;--awb-margin-top-large:25px;--awb-spacing-right-large:calc( 0.10714285714286 * calc( 100% - 24px ) );--awb-margin-bottom-large:25px;--awb-spacing-left-large:12px;--awb-width-medium:83.333333333333%;--awb-order-medium:0;--awb-spacing-right-medium:calc( 0.036 * calc( 100% - 24px ) );--awb-margin-bottom-medium:48px;--awb-spacing-left-medium:12px;--awb-width-small:100%;--awb-order-small:0;--awb-spacing-right-small:12px;--awb-spacing-left-small:12px;\"><div class=\"fusion-column-wrapper fusion-column-has-shadow fusion-flex-justify-content-center fusion-content-layout-column\"><div class=\"fusion-title title fusion-title-1 fusion-sep-none fusion-title-center fusion-title-text fusion-title-size-two\" style=\"--awb-text-color:var(--awb-color2);--awb-margin-top:0px;--awb-margin-bottom:16px;--awb-margin-top-small:0px;--awb-margin-right-small:0px;--awb-margin-bottom-small:20px;--awb-margin-left-small:0px;--awb-font-size:30px;\"><h2 class=\"fusion-title-heading title-heading-center fusion-responsive-typography-calculated\" style=\"margin:0;letter-spacing:-0.02em;text-transform:var(--awb-typography1-text-transform);font-size:1em;--fontSize:30;line-height:1.2;\"><h1 class=\"fusion-title-heading title-heading-left fusion-responsive-typography-calculated\">\u00d3sar&#8217;s ESG Report<\/h1><\/h2><\/div><div class=\"fusion-text fusion-text-1 fusion-text-no-margin\" style=\"--awb-content-alignment:center;--awb-font-size:16px;--awb-line-height:1.5em;--awb-letter-spacing:0.006em;--awb-text-transform:var(--awb-typography4-text-transform);--awb-text-color:#000000;--awb-margin-bottom:24px;--awb-text-font-family:&quot;Plus Jakarta Sans&quot;;--awb-text-font-style:normal;--awb-text-font-weight:400;\"><p style=\"text-align: left;\">At \u00d3sar, sustainable development is a continuous journey that calls for a holistic perspective and long-term thinking.<\/p>\n<p style=\"text-align: left;\">Our report presents the results and developments across the three main components of the ESG sustainability framework in a transparent and comparable manner.<\/p>\n<\/div><\/div><\/div><div class=\"fusion-layout-column fusion_builder_column fusion-builder-column-1 fusion-flex-column fusion-flex-align-self-stretch fusion-column-inner-bg-wrapper\" style=\"--awb-padding-top:24px;--awb-padding-right:24px;--awb-padding-bottom:24px;--awb-padding-left:24px;--awb-overflow:hidden;--awb-inner-bg-color:#ffffff;--awb-inner-bg-color-hover:#ffffff;--awb-inner-bg-size:cover;--awb-box-shadow:0px 3px 8px -1px rgba(14,39,88,0.08);;--awb-border-radius:6px 6px 6px 6px;--awb-inner-bg-border-radius:6px 6px 6px 6px;--awb-inner-bg-overflow:hidden;--awb-transform:rotate(0deg) skewY(0deg);--awb-transform-hover:rotate(-2deg) skewY(1deg);--awb-width-large:24%;--awb-margin-top-large:25px;--awb-spacing-right-large:12px;--awb-margin-bottom-large:25px;--awb-spacing-left-large:12px;--awb-width-medium:33.333333333333%;--awb-order-medium:0;--awb-spacing-right-medium:12px;--awb-spacing-left-medium:12px;--awb-width-small:100%;--awb-order-small:0;--awb-spacing-right-small:12px;--awb-spacing-left-small:12px;\"><span class=\"fusion-column-inner-bg hover-type-none\"><a class=\"fusion-column-anchor\" href=\"https:\/\/osar.is\/staging\/ufs-stadlar-stjornarhaettir-2024\/\"><span class=\"fusion-column-inner-bg-image\"><\/span><\/a><\/span><div class=\"fusion-column-wrapper fusion-column-has-shadow fusion-flex-justify-content-flex-start fusion-content-layout-column\"><div class=\"fusion-image-element \" style=\"--awb-max-width:132px;--awb-caption-title-font-family:var(--h2_typography-font-family);--awb-caption-title-font-weight:var(--h2_typography-font-weight);--awb-caption-title-font-style:var(--h2_typography-font-style);--awb-caption-title-size:var(--h2_typography-font-size);--awb-caption-title-transform:var(--h2_typography-text-transform);--awb-caption-title-line-height:var(--h2_typography-line-height);--awb-caption-title-letter-spacing:var(--h2_typography-letter-spacing);\"><span class=\" fusion-imageframe imageframe-none imageframe-1 hover-type-none\"><img decoding=\"async\" width=\"300\" height=\"300\" title=\"Stjornarhaettir300\" src=\"https:\/\/osar.is\/staging\/wp-content\/uploads\/2022\/03\/Stjornarhaettir300.png\" data-orig-src=\"https:\/\/osar.is\/staging\/wp-content\/uploads\/2022\/03\/Stjornarhaettir300.png\" alt class=\"lazyload img-responsive wp-image-1626\" srcset=\"data:image\/svg+xml,%3Csvg%20xmlns%3D%27http%3A%2F%2Fwww.w3.org%2F2000%2Fsvg%27%20width%3D%27300%27%20height%3D%27300%27%20viewBox%3D%270%200%20300%20300%27%3E%3Crect%20width%3D%27300%27%20height%3D%27300%27%20fill-opacity%3D%220%22%2F%3E%3C%2Fsvg%3E\" data-srcset=\"https:\/\/osar.is\/staging\/wp-content\/uploads\/2022\/03\/Stjornarhaettir300-200x200.png 200w, https:\/\/osar.is\/staging\/wp-content\/uploads\/2022\/03\/Stjornarhaettir300.png 300w\" data-sizes=\"auto\" data-orig-sizes=\"(max-width: 1024px) 100vw, (max-width: 640px) 100vw, 300px\" \/><\/span><\/div><div class=\"fusion-title title fusion-title-2 fusion-sep-none fusion-title-text fusion-title-size-three\" style=\"--awb-text-color:#000000;--awb-margin-top:54px;--awb-margin-bottom:8px;--awb-margin-top-small:40px;--awb-margin-right-small:0px;--awb-margin-bottom-small:6px;--awb-margin-left-small:0px;--awb-font-size:17px;\"><h3 class=\"fusion-title-heading title-heading-left fusion-responsive-typography-calculated\" style=\"font-family:&quot;Plus Jakarta Sans&quot;;font-style:normal;font-weight:700;margin:0;letter-spacing:0px;text-transform:var(--awb-typography2-text-transform);font-size:1em;--fontSize:17;--minFontSize:17;line-height:1.24;\">Governance<\/h3><\/div><div class=\"fusion-text fusion-text-2 fusion-text-no-margin\" style=\"--awb-font-size:16px;--awb-line-height:1.5em;--awb-letter-spacing:0.006em;--awb-text-transform:var(--awb-typography4-text-transform);--awb-text-color:#000000;--awb-margin-bottom:0px;--awb-text-font-family:&quot;Plus Jakarta Sans&quot;;--awb-text-font-style:normal;--awb-text-font-weight:400;\"><p>Governance report for 2024<\/p>\n<\/div><\/div><\/div><div class=\"fusion-layout-column fusion_builder_column fusion-builder-column-2 fusion-flex-column fusion-flex-align-self-stretch fusion-column-inner-bg-wrapper\" style=\"--awb-padding-top:24px;--awb-padding-right:24px;--awb-padding-bottom:24px;--awb-padding-left:24px;--awb-overflow:hidden;--awb-inner-bg-color:#ffffff;--awb-inner-bg-color-hover:#ffffff;--awb-inner-bg-size:cover;--awb-box-shadow:0px 3px 8px -1px rgba(14,39,88,0.08);;--awb-border-radius:6px 6px 6px 6px;--awb-inner-bg-border-radius:6px 6px 6px 6px;--awb-inner-bg-overflow:hidden;--awb-transform:rotate(0deg) skewY(0deg);--awb-transform-hover:rotate(-2deg) skewY(1deg);--awb-width-large:24%;--awb-margin-top-large:25px;--awb-spacing-right-large:12px;--awb-margin-bottom-large:25px;--awb-spacing-left-large:12px;--awb-width-medium:33.333333333333%;--awb-order-medium:0;--awb-spacing-right-medium:12px;--awb-spacing-left-medium:12px;--awb-width-small:100%;--awb-order-small:0;--awb-spacing-right-small:12px;--awb-spacing-left-small:12px;\"><span class=\"fusion-column-inner-bg hover-type-none\"><a class=\"fusion-column-anchor\" href=\"https:\/\/osar.is\/staging\/ufs-stadlar-felagslegir-thaettir-2024\/\"><span class=\"fusion-column-inner-bg-image\"><\/span><\/a><\/span><div class=\"fusion-column-wrapper fusion-column-has-shadow fusion-flex-justify-content-flex-start fusion-content-layout-column\"><div class=\"fusion-image-element \" style=\"--awb-max-width:132px;--awb-caption-title-font-family:var(--h2_typography-font-family);--awb-caption-title-font-weight:var(--h2_typography-font-weight);--awb-caption-title-font-style:var(--h2_typography-font-style);--awb-caption-title-size:var(--h2_typography-font-size);--awb-caption-title-transform:var(--h2_typography-text-transform);--awb-caption-title-line-height:var(--h2_typography-line-height);--awb-caption-title-letter-spacing:var(--h2_typography-letter-spacing);\"><span class=\" fusion-imageframe imageframe-none imageframe-2 hover-type-none\"><img decoding=\"async\" width=\"300\" height=\"300\" title=\"Samfelag300\" src=\"https:\/\/osar.is\/staging\/wp-content\/uploads\/2022\/03\/Samfelag300.png\" data-orig-src=\"https:\/\/osar.is\/staging\/wp-content\/uploads\/2022\/03\/Samfelag300.png\" alt class=\"lazyload img-responsive wp-image-1625\" srcset=\"data:image\/svg+xml,%3Csvg%20xmlns%3D%27http%3A%2F%2Fwww.w3.org%2F2000%2Fsvg%27%20width%3D%27300%27%20height%3D%27300%27%20viewBox%3D%270%200%20300%20300%27%3E%3Crect%20width%3D%27300%27%20height%3D%27300%27%20fill-opacity%3D%220%22%2F%3E%3C%2Fsvg%3E\" data-srcset=\"https:\/\/osar.is\/staging\/wp-content\/uploads\/2022\/03\/Samfelag300-200x200.png 200w, https:\/\/osar.is\/staging\/wp-content\/uploads\/2022\/03\/Samfelag300.png 300w\" data-sizes=\"auto\" data-orig-sizes=\"(max-width: 1024px) 100vw, (max-width: 640px) 100vw, 300px\" \/><\/span><\/div><div class=\"fusion-title title fusion-title-3 fusion-sep-none fusion-title-text fusion-title-size-two\" style=\"--awb-text-color:#000000;--awb-margin-top:54px;--awb-margin-bottom:8px;--awb-margin-top-small:40px;--awb-margin-right-small:0px;--awb-margin-bottom-small:6px;--awb-margin-left-small:0px;--awb-font-size:17px;\"><h2 class=\"fusion-title-heading title-heading-left fusion-responsive-typography-calculated\" style=\"font-family:&quot;Plus Jakarta Sans&quot;;font-style:normal;font-weight:700;margin:0;letter-spacing:0px;text-transform:var(--awb-typography2-text-transform);font-size:1em;--fontSize:17;--minFontSize:17;line-height:1.24;\">Social factors<\/h2><\/div><div class=\"fusion-text fusion-text-3 fusion-text-no-margin\" style=\"--awb-font-size:16px;--awb-line-height:1.5em;--awb-letter-spacing:0.006em;--awb-text-transform:var(--awb-typography4-text-transform);--awb-text-color:#000000;--awb-margin-bottom:0px;--awb-text-font-family:&quot;Plus Jakarta Sans&quot;;--awb-text-font-style:normal;--awb-text-font-weight:400;\"><p>Social report for 2024<\/p>\n<\/div><\/div><\/div><div class=\"fusion-layout-column fusion_builder_column fusion-builder-column-3 fusion-flex-column fusion-flex-align-self-stretch fusion-column-inner-bg-wrapper\" style=\"--awb-padding-top:24px;--awb-padding-right:24px;--awb-padding-bottom:24px;--awb-padding-left:24px;--awb-overflow:hidden;--awb-inner-bg-color:#ffffff;--awb-inner-bg-color-hover:#ffffff;--awb-inner-bg-size:cover;--awb-box-shadow:0px 3px 8px -1px rgba(14,39,88,0.08);;--awb-border-radius:6px 6px 6px 6px;--awb-inner-bg-border-radius:6px 6px 6px 6px;--awb-inner-bg-overflow:hidden;--awb-transform:rotate(0deg) skewY(0deg);--awb-transform-hover:rotate(-2deg) skewY(1deg);--awb-width-large:24%;--awb-margin-top-large:25px;--awb-spacing-right-large:12px;--awb-margin-bottom-large:25px;--awb-spacing-left-large:12px;--awb-width-medium:33.333333333333%;--awb-order-medium:0;--awb-spacing-right-medium:12px;--awb-spacing-left-medium:12px;--awb-width-small:100%;--awb-order-small:0;--awb-spacing-right-small:12px;--awb-spacing-left-small:12px;\"><span class=\"fusion-column-inner-bg hover-type-none\"><a class=\"fusion-column-anchor\" href=\"https:\/\/osar.is\/staging\/ufs-stadlar-umhverfi-2024\/\"><span class=\"fusion-column-inner-bg-image\"><\/span><\/a><\/span><div class=\"fusion-column-wrapper fusion-column-has-shadow fusion-flex-justify-content-flex-start fusion-content-layout-column\"><div class=\"fusion-image-element \" style=\"--awb-max-width:132px;--awb-caption-title-font-family:var(--h2_typography-font-family);--awb-caption-title-font-weight:var(--h2_typography-font-weight);--awb-caption-title-font-style:var(--h2_typography-font-style);--awb-caption-title-size:var(--h2_typography-font-size);--awb-caption-title-transform:var(--h2_typography-text-transform);--awb-caption-title-line-height:var(--h2_typography-line-height);--awb-caption-title-letter-spacing:var(--h2_typography-letter-spacing);\"><span class=\" fusion-imageframe imageframe-none imageframe-3 hover-type-none\"><img decoding=\"async\" width=\"300\" height=\"300\" title=\"Umhverfi300\" src=\"https:\/\/osar.is\/staging\/wp-content\/uploads\/2022\/03\/Umhverfi300.png\" data-orig-src=\"https:\/\/osar.is\/staging\/wp-content\/uploads\/2022\/03\/Umhverfi300.png\" alt class=\"lazyload img-responsive wp-image-1627\" srcset=\"data:image\/svg+xml,%3Csvg%20xmlns%3D%27http%3A%2F%2Fwww.w3.org%2F2000%2Fsvg%27%20width%3D%27300%27%20height%3D%27300%27%20viewBox%3D%270%200%20300%20300%27%3E%3Crect%20width%3D%27300%27%20height%3D%27300%27%20fill-opacity%3D%220%22%2F%3E%3C%2Fsvg%3E\" data-srcset=\"https:\/\/osar.is\/staging\/wp-content\/uploads\/2022\/03\/Umhverfi300-200x200.png 200w, https:\/\/osar.is\/staging\/wp-content\/uploads\/2022\/03\/Umhverfi300.png 300w\" data-sizes=\"auto\" data-orig-sizes=\"(max-width: 1024px) 100vw, (max-width: 640px) 100vw, 300px\" \/><\/span><\/div><div class=\"fusion-title title fusion-title-4 fusion-sep-none fusion-title-text fusion-title-size-two\" style=\"--awb-text-color:#000000;--awb-margin-top:54px;--awb-margin-bottom:8px;--awb-margin-top-small:40px;--awb-margin-right-small:0px;--awb-margin-bottom-small:6px;--awb-margin-left-small:0px;--awb-font-size:17px;\"><h2 class=\"fusion-title-heading title-heading-left fusion-responsive-typography-calculated\" style=\"font-family:&quot;Plus Jakarta Sans&quot;;font-style:normal;font-weight:700;margin:0;letter-spacing:0px;text-transform:var(--awb-typography2-text-transform);font-size:1em;--fontSize:17;--minFontSize:17;line-height:1.24;\">Environment<\/h2><\/div><div class=\"fusion-text fusion-text-4 fusion-text-no-margin\" style=\"--awb-font-size:16px;--awb-line-height:1.5em;--awb-letter-spacing:0.006em;--awb-text-transform:var(--awb-typography4-text-transform);--awb-text-color:#000000;--awb-margin-bottom:0px;--awb-text-font-family:&quot;Plus Jakarta Sans&quot;;--awb-text-font-style:normal;--awb-text-font-weight:400;\"><p>Environmental report for 2024<\/p>\n<\/div><\/div><\/div><\/div><\/div><\/p>\n","protected":false},"excerpt":{"rendered":"","protected":false},"author":8,"featured_media":0,"parent":0,"menu_order":0,"comment_status":"closed","ping_status":"closed","template":"100-width.php","meta":{"_acf_changed":false,"_coblocks_attr":"","_coblocks_dimensions":"","_coblocks_responsive_height":"","_coblocks_accordion_ie_support":"","ngg_post_thumbnail":0,"footnotes":""},"class_list":["post-5934","page","type-page","status-publish","hentry"],"acf":[],"yoast_head":"<!-- This site is optimized with the Yoast SEO Premium plugin v26.2 (Yoast SEO v27.5) - https:\/\/yoast.com\/product\/yoast-seo-premium-wordpress\/ -->\n<title>ESG Reporting - \u00d3sar<\/title>\n<meta name=\"robots\" content=\"noindex, follow, max-snippet:-1, max-image-preview:large, max-video-preview:-1\" \/>\n<meta property=\"og:locale\" content=\"en_GB\" \/>\n<meta property=\"og:type\" content=\"article\" \/>\n<meta property=\"og:title\" content=\"ESG Reporting\" \/>\n<meta property=\"og:url\" content=\"https:\/\/osar.is\/staging\/esg-reporting-2024\/\" \/>\n<meta property=\"og:site_name\" content=\"\u00d3sar\" \/>\n<meta property=\"article:modified_time\" content=\"2025-07-10T15:12:26+00:00\" \/>\n<meta name=\"twitter:card\" content=\"summary_large_image\" \/>\n<meta name=\"twitter:label1\" content=\"Estimated reading time\" \/>\n\t<meta name=\"twitter:data1\" content=\"1 minute\" \/>\n<script type=\"application\/ld+json\" class=\"yoast-schema-graph\">{\"@context\":\"https:\\\/\\\/schema.org\",\"@graph\":[{\"@type\":\"WebPage\",\"@id\":\"https:\\\/\\\/osar.is\\\/staging\\\/esg-reporting-2024\\\/\",\"url\":\"https:\\\/\\\/osar.is\\\/staging\\\/esg-reporting-2024\\\/\",\"name\":\"ESG Reporting - \u00d3sar\",\"isPartOf\":{\"@id\":\"https:\\\/\\\/osar.is\\\/staging\\\/#website\"},\"datePublished\":\"2025-05-26T12:18:20+00:00\",\"dateModified\":\"2025-07-10T15:12:26+00:00\",\"breadcrumb\":{\"@id\":\"https:\\\/\\\/osar.is\\\/staging\\\/esg-reporting-2024\\\/#breadcrumb\"},\"inLanguage\":\"en-GB\",\"potentialAction\":[{\"@type\":\"ReadAction\",\"target\":[\"https:\\\/\\\/osar.is\\\/staging\\\/esg-reporting-2024\\\/\"]}]},{\"@type\":\"BreadcrumbList\",\"@id\":\"https:\\\/\\\/osar.is\\\/staging\\\/esg-reporting-2024\\\/#breadcrumb\",\"itemListElement\":[{\"@type\":\"ListItem\",\"position\":1,\"name\":\"Home\",\"item\":\"https:\\\/\\\/osar.is\\\/staging\\\/\"},{\"@type\":\"ListItem\",\"position\":2,\"name\":\"ESG Reporting\"}]},{\"@type\":\"WebSite\",\"@id\":\"https:\\\/\\\/osar.is\\\/staging\\\/#website\",\"url\":\"https:\\\/\\\/osar.is\\\/staging\\\/\",\"name\":\"\u00d3sar - l\u00edf\u00e6\u00f0 heilbrig\u00f0is\",\"description\":\"L\u00edf\u00e6\u00f0 heilbrig\u00f0is\",\"publisher\":{\"@id\":\"https:\\\/\\\/osar.is\\\/staging\\\/#organization\"},\"potentialAction\":[{\"@type\":\"SearchAction\",\"target\":{\"@type\":\"EntryPoint\",\"urlTemplate\":\"https:\\\/\\\/osar.is\\\/staging\\\/?s={search_term_string}\"},\"query-input\":{\"@type\":\"PropertyValueSpecification\",\"valueRequired\":true,\"valueName\":\"search_term_string\"}}],\"inLanguage\":\"en-GB\"},{\"@type\":\"Organization\",\"@id\":\"https:\\\/\\\/osar.is\\\/staging\\\/#organization\",\"name\":\"\u00d3sar - l\u00edf\u00e6\u00f0 heilbrig\u00f0is\",\"url\":\"https:\\\/\\\/osar.is\\\/staging\\\/\",\"logo\":{\"@type\":\"ImageObject\",\"inLanguage\":\"en-GB\",\"@id\":\"https:\\\/\\\/osar.is\\\/staging\\\/#\\\/schema\\\/logo\\\/image\\\/\",\"url\":\"https:\\\/\\\/osar.is\\\/staging\\\/wp-content\\\/uploads\\\/2022\\\/05\\\/Osar_ljost_slagord_logo.png\",\"contentUrl\":\"https:\\\/\\\/osar.is\\\/staging\\\/wp-content\\\/uploads\\\/2022\\\/05\\\/Osar_ljost_slagord_logo.png\",\"width\":1815,\"height\":383,\"caption\":\"\u00d3sar - l\u00edf\u00e6\u00f0 heilbrig\u00f0is\"},\"image\":{\"@id\":\"https:\\\/\\\/osar.is\\\/staging\\\/#\\\/schema\\\/logo\\\/image\\\/\"}}]}<\/script>\n<!-- \/ Yoast SEO Premium plugin. -->","yoast_head_json":{"title":"ESG Reporting - \u00d3sar","robots":{"index":"noindex","follow":"follow","max-snippet":"max-snippet:-1","max-image-preview":"max-image-preview:large","max-video-preview":"max-video-preview:-1"},"og_locale":"en_GB","og_type":"article","og_title":"ESG Reporting","og_url":"https:\/\/osar.is\/staging\/esg-reporting-2024\/","og_site_name":"\u00d3sar","article_modified_time":"2025-07-10T15:12:26+00:00","twitter_card":"summary_large_image","twitter_misc":{"Estimated reading time":"1 minute"},"schema":{"@context":"https:\/\/schema.org","@graph":[{"@type":"WebPage","@id":"https:\/\/osar.is\/staging\/esg-reporting-2024\/","url":"https:\/\/osar.is\/staging\/esg-reporting-2024\/","name":"ESG Reporting - \u00d3sar","isPartOf":{"@id":"https:\/\/osar.is\/staging\/#website"},"datePublished":"2025-05-26T12:18:20+00:00","dateModified":"2025-07-10T15:12:26+00:00","breadcrumb":{"@id":"https:\/\/osar.is\/staging\/esg-reporting-2024\/#breadcrumb"},"inLanguage":"en-GB","potentialAction":[{"@type":"ReadAction","target":["https:\/\/osar.is\/staging\/esg-reporting-2024\/"]}]},{"@type":"BreadcrumbList","@id":"https:\/\/osar.is\/staging\/esg-reporting-2024\/#breadcrumb","itemListElement":[{"@type":"ListItem","position":1,"name":"Home","item":"https:\/\/osar.is\/staging\/"},{"@type":"ListItem","position":2,"name":"ESG Reporting"}]},{"@type":"WebSite","@id":"https:\/\/osar.is\/staging\/#website","url":"https:\/\/osar.is\/staging\/","name":"\u00d3sar - l\u00edf\u00e6\u00f0 heilbrig\u00f0is","description":"L\u00edf\u00e6\u00f0 heilbrig\u00f0is","publisher":{"@id":"https:\/\/osar.is\/staging\/#organization"},"potentialAction":[{"@type":"SearchAction","target":{"@type":"EntryPoint","urlTemplate":"https:\/\/osar.is\/staging\/?s={search_term_string}"},"query-input":{"@type":"PropertyValueSpecification","valueRequired":true,"valueName":"search_term_string"}}],"inLanguage":"en-GB"},{"@type":"Organization","@id":"https:\/\/osar.is\/staging\/#organization","name":"\u00d3sar - l\u00edf\u00e6\u00f0 heilbrig\u00f0is","url":"https:\/\/osar.is\/staging\/","logo":{"@type":"ImageObject","inLanguage":"en-GB","@id":"https:\/\/osar.is\/staging\/#\/schema\/logo\/image\/","url":"https:\/\/osar.is\/staging\/wp-content\/uploads\/2022\/05\/Osar_ljost_slagord_logo.png","contentUrl":"https:\/\/osar.is\/staging\/wp-content\/uploads\/2022\/05\/Osar_ljost_slagord_logo.png","width":1815,"height":383,"caption":"\u00d3sar - l\u00edf\u00e6\u00f0 heilbrig\u00f0is"},"image":{"@id":"https:\/\/osar.is\/staging\/#\/schema\/logo\/image\/"}}]}},"_links":{"self":[{"href":"https:\/\/osar.is\/staging\/wp-json\/wp\/v2\/pages\/5934","targetHints":{"allow":["GET"]}}],"collection":[{"href":"https:\/\/osar.is\/staging\/wp-json\/wp\/v2\/pages"}],"about":[{"href":"https:\/\/osar.is\/staging\/wp-json\/wp\/v2\/types\/page"}],"author":[{"embeddable":true,"href":"https:\/\/osar.is\/staging\/wp-json\/wp\/v2\/users\/8"}],"replies":[{"embeddable":true,"href":"https:\/\/osar.is\/staging\/wp-json\/wp\/v2\/comments?post=5934"}],"version-history":[{"count":1,"href":"https:\/\/osar.is\/staging\/wp-json\/wp\/v2\/pages\/5934\/revisions"}],"predecessor-version":[{"id":6018,"href":"https:\/\/osar.is\/staging\/wp-json\/wp\/v2\/pages\/5934\/revisions\/6018"}],"wp:attachment":[{"href":"https:\/\/osar.is\/staging\/wp-json\/wp\/v2\/media?parent=5934"}],"curies":[{"name":"wp","href":"https:\/\/api.w.org\/{rel}","templated":true}]}}