{"id":5640,"date":"2025-04-22T13:24:41","date_gmt":"2025-04-22T13:24:41","guid":{"rendered":"https:\/\/osar.is\/?page_id=5640"},"modified":"2026-04-20T11:40:53","modified_gmt":"2026-04-20T11:40:53","slug":"ufs-stadlar-stjornarhaettir-2025","status":"publish","type":"page","link":"https:\/\/osar.is\/staging\/ufs-stadlar-stjornarhaettir-2025\/","title":{"rendered":"UFS sta\u00f0lar &#8211; Stj\u00f3rnarh\u00e6ttir 2025"},"content":{"rendered":"<div class=\"fusion-fullwidth fullwidth-box fusion-builder-row-1 fusion-flex-container has-pattern-background has-mask-background nonhundred-percent-fullwidth non-hundred-percent-height-scrolling\" style=\"--awb-border-radius-top-left:0px;--awb-border-radius-top-right:0px;--awb-border-radius-bottom-right:0px;--awb-border-radius-bottom-left:0px;--awb-flex-wrap:wrap;\" ><div class=\"fusion-builder-row fusion-row fusion-flex-align-items-flex-start fusion-flex-content-wrap\" style=\"max-width:1206.4px;margin-left: calc(-4% \/ 2 );margin-right: calc(-4% \/ 2 );\"><div class=\"fusion-layout-column fusion_builder_column fusion-builder-column-0 fusion_builder_column_1_1 1_1 fusion-flex-column\" style=\"--awb-bg-size:cover;--awb-width-large:100%;--awb-margin-top-large:96px;--awb-spacing-right-large:1.92%;--awb-margin-bottom-large:25px;--awb-spacing-left-large:1.92%;--awb-width-medium:100%;--awb-order-medium:0;--awb-spacing-right-medium:1.92%;--awb-spacing-left-medium:1.92%;--awb-width-small:100%;--awb-order-small:0;--awb-spacing-right-small:1.92%;--awb-spacing-left-small:1.92%;\" data-scroll-devices=\"small-visibility,medium-visibility,large-visibility\"><div class=\"fusion-column-wrapper fusion-column-has-shadow fusion-flex-justify-content-flex-start fusion-content-layout-column\"><div class=\"fusion-text fusion-text-1\"><h1>Uppgj\u00f6r stj\u00f3rnarh\u00e1tta 2025<\/h1>\n<\/div><div class=\"fusion-text fusion-text-2\">\n<table id=\"tablepress-22\" class=\"tablepress tablepress-id-22\">\n<thead>\n<tr class=\"row-1\">\n\t<td class=\"column-1\"><\/td><td class=\"column-2\"><\/td><th class=\"column-3\">Icepharma<\/th><th class=\"column-4\">Parlogis<\/th><th class=\"column-5\">\u00d3sar samst\u00e6\u00f0an<\/th>\n<\/tr>\n<\/thead>\n<tbody class=\"row-striping row-hover\">\n<tr class=\"row-2\">\n\t<td class=\"column-1\">V\u00edsir\u00a0<\/td><td class=\"column-2\">M\u00e6likvar\u00f0i\u00a0<\/td><td class=\"column-3\">2025<\/td><td class=\"column-4\">2025<\/td><td class=\"column-5\">2025<\/td>\n<\/tr>\n<tr class=\"row-3\">\n\t<td class=\"column-1\">G1<\/td><td class=\"column-2\">Kynjahlutfall \u00ed stj\u00f3rn\u00a0<\/td><td class=\"column-3\"><\/td><td class=\"column-4\"><\/td><td class=\"column-5\"><\/td>\n<\/tr>\n<tr class=\"row-4\">\n\t<td class=\"column-1\"><\/td><td class=\"column-2\">Hlutfall kvenna \u00ed stj\u00f3rn \u00ed pr\u00f3sentum (samanbori\u00f0 vi\u00f0 karla)\u00a0<\/td><td class=\"column-3\">33%<\/td><td class=\"column-4\">33%<\/td><td class=\"column-5\">50%<\/td>\n<\/tr>\n<tr class=\"row-5\">\n\t<td class=\"column-1\"><\/td><td class=\"column-2\">Hlutfall kvenna \u00ed formennsku nefnda \u00ed pr\u00f3sentum (samanbori\u00f0 vi\u00f0 karla)\u00a0<\/td><td class=\"column-3\">\u00e1.e.v.<\/td><td class=\"column-4\">\u00e1.e.v.<\/td><td class=\"column-5\">\u00e1.e.v.<\/td>\n<\/tr>\n<tr class=\"row-6\">\n\t<td class=\"column-1\">G2<\/td><td class=\"column-2\">\u00d3h\u00e6\u00f0i stj\u00f3rnar\u00a0<\/td><td class=\"column-3\"><\/td><td class=\"column-4\"><\/td><td class=\"column-5\"><\/td>\n<\/tr>\n<tr class=\"row-7\">\n\t<td class=\"column-1\"><\/td><td class=\"column-2\">Bannar fyrirt\u00e6ki\u00f0 forstj\u00f3ra a\u00f0 sinna stj\u00f3rnarformennsku? J\u00e1\/Nei\u00a0<\/td><td class=\"column-3\">Nei<\/td><td class=\"column-4\">Nei<\/td><td class=\"column-5\">Nei<\/td>\n<\/tr>\n<tr class=\"row-8\">\n\t<td class=\"column-1\"><\/td><td class=\"column-2\">Hlutfall \u00f3h\u00e1\u00f0ra stj\u00f3rnarmanna \u00ed pr\u00f3sentum\u00a0<\/td><td class=\"column-3\">33%<\/td><td class=\"column-4\">33%<\/td><td class=\"column-5\">50%<\/td>\n<\/tr>\n<tr class=\"row-9\">\n\t<td class=\"column-1\">G3<\/td><td class=\"column-2\">Kaupaukar\u00a0<\/td><td class=\"column-3\"><\/td><td class=\"column-4\"><\/td><td class=\"column-5\"><\/td>\n<\/tr>\n<tr class=\"row-10\">\n\t<td class=\"column-1\"><\/td><td class=\"column-2\">F\u00e1 framkv\u00e6mdastj\u00f3rar formlegan kaupauka fyrir a\u00f0 n\u00e1 \u00e1rangri \u00e1 svi\u00f0i sj\u00e1lfb\u00e6rni?\u00a0<\/td><td class=\"column-3\">Nei<\/td><td class=\"column-4\">Nei<\/td><td class=\"column-5\">Nei<\/td>\n<\/tr>\n<tr class=\"row-11\">\n\t<td class=\"column-1\">G4<\/td><td class=\"column-2\">Kjarasamningar\u00a0<\/td><td class=\"column-3\"><\/td><td class=\"column-4\"><\/td><td class=\"column-5\"><\/td>\n<\/tr>\n<tr class=\"row-12\">\n\t<td class=\"column-1\"><\/td><td class=\"column-2\">Hlutfall starfsf\u00f3lks fyrirt\u00e6kja sem fellur undir almenna kjarasamninga\u00a0<\/td><td class=\"column-3\">100%<\/td><td class=\"column-4\">100%<\/td><td class=\"column-5\">100%<\/td>\n<\/tr>\n<tr class=\"row-13\">\n\t<td class=\"column-1\">G5<\/td><td class=\"column-2\">Si\u00f0areglur birgja\u00a0<\/td><td class=\"column-3\"><\/td><td class=\"column-4\"><\/td><td class=\"column-5\"><\/td>\n<\/tr>\n<tr class=\"row-14\">\n\t<td class=\"column-1\"><\/td><td class=\"column-2\">Ber seljendum \u00fe\u00ednum e\u00f0a birgjum a\u00f0 fylgja si\u00f0areglum? J\u00e1\/Nei\u00a0<\/td><td class=\"column-3\">Nei<\/td><td class=\"column-4\">Nei<\/td><td class=\"column-5\">Nei<\/td>\n<\/tr>\n<tr class=\"row-15\">\n\t<td class=\"column-1\"><\/td><td class=\"column-2\">Ef j\u00e1, hve h\u00e1tt hlutfall \u00feinna birgja hafa formlega votta\u00f0 a\u00f0 \u00feeir fylgi si\u00f0areglum, \u00ed pr\u00f3sentum?\u00a0\u00a0<\/td><td class=\"column-3\">\u00e1.e.v.<\/td><td class=\"column-4\">\u00e1.e.v.<\/td><td class=\"column-5\">\u00e1.e.v.<\/td>\n<\/tr>\n<tr class=\"row-16\">\n\t<td class=\"column-1\">G6<\/td><td class=\"column-2\">Si\u00f0fer\u00f0i og a\u00f0ger\u00f0ir gegn spillingu\u00a0<\/td><td class=\"column-3\"><\/td><td class=\"column-4\"><\/td><td class=\"column-5\"><\/td>\n<\/tr>\n<tr class=\"row-17\">\n\t<td class=\"column-1\"><\/td><td class=\"column-2\">Fylgir fyrirt\u00e6ki\u00f0 \u00feitt stefnu um si\u00f0fer\u00f0i og\/e\u00f0a a\u00f0ger\u00f0ir gegn spillingu? J\u00e1\/Nei\u00a0<\/td><td class=\"column-3\">J\u00e1<\/td><td class=\"column-4\">J\u00e1<\/td><td class=\"column-5\">J\u00e1<\/td>\n<\/tr>\n<tr class=\"row-18\">\n\t<td class=\"column-1\"><\/td><td class=\"column-2\">Ef j\u00e1, hve h\u00e1tt hlutfall vinnuaflsins \u00fe\u00edns hefur formlega votta\u00f0 a\u00f0 \u00fea\u00f0 fylgi stefnunni, \u00ed pr\u00f3sentum?\u00a0<\/td><td class=\"column-3\">100%<\/td><td class=\"column-4\">100%<\/td><td class=\"column-5\">100%<\/td>\n<\/tr>\n<tr class=\"row-19\">\n\t<td class=\"column-1\">G7<\/td><td class=\"column-2\">Pers\u00f3nuvernd\u00a0<\/td><td class=\"column-3\"><\/td><td class=\"column-4\"><\/td><td class=\"column-5\"><\/td>\n<\/tr>\n<tr class=\"row-20\">\n\t<td class=\"column-1\"><\/td><td class=\"column-2\">Fylgir fyrirt\u00e6ki\u00f0 \u00feitt stefnu um pers\u00f3nuvernd? J\u00e1\/Nei\u00a0<\/td><td class=\"column-3\">J\u00e1<\/td><td class=\"column-4\">J\u00e1<\/td><td class=\"column-5\">J\u00e1<\/td>\n<\/tr>\n<tr class=\"row-21\">\n\t<td class=\"column-1\"><\/td><td class=\"column-2\">Hefur fyrirt\u00e6ki\u00f0 \u00feitt hafist handa vi\u00f0 a\u00f0 fylgja GDPR reglum? J\u00e1\/Nei\u00a0<\/td><td class=\"column-3\">J\u00e1<\/td><td class=\"column-4\">J\u00e1<\/td><td class=\"column-5\">J\u00e1<\/td>\n<\/tr>\n<tr class=\"row-22\">\n\t<td class=\"column-1\">G8<\/td><td class=\"column-2\">Sj\u00e1lfb\u00e6rnisk\u00fdrsla\u00a0<\/td><td class=\"column-3\"><\/td><td class=\"column-4\"><\/td><td class=\"column-5\"><\/td>\n<\/tr>\n<tr class=\"row-23\">\n\t<td class=\"column-1\"><\/td><td class=\"column-2\">Gefur fyrirt\u00e6ki\u00f0 \u00feitt \u00fat sj\u00e1lfb\u00e6rnisk\u00fdrslu? J\u00e1\/Nei\u00a0<\/td><td class=\"column-3\">J\u00e1<\/td><td class=\"column-4\">J\u00e1<\/td><td class=\"column-5\">J\u00e1<\/td>\n<\/tr>\n<tr class=\"row-24\">\n\t<td class=\"column-1\"><\/td><td class=\"column-2\">Eru g\u00f6gn um sj\u00e1lfb\u00e6rni a\u00f0 finna \u00ed sk\u00fdrslugj\u00f6f til yfirvalda? J\u00e1\/Nei\u00a0<\/td><td class=\"column-3\">J\u00e1<\/td><td class=\"column-4\">J\u00e1<\/td><td class=\"column-5\">J\u00e1<\/td>\n<\/tr>\n<tr class=\"row-25\">\n\t<td class=\"column-1\">G9<\/td><td class=\"column-2\">Starfsvenjur vi\u00f0 uppl\u00fdsingagj\u00f6f\u00a0<\/td><td class=\"column-3\"><\/td><td class=\"column-4\"><\/td><td class=\"column-5\"><\/td>\n<\/tr>\n<tr class=\"row-26\">\n\t<td class=\"column-1\"><\/td><td class=\"column-2\">Veitir fyrirt\u00e6ki\u00f0 \u00feitt uppl\u00fdsingar um sj\u00e1lfb\u00e6rni til vi\u00f0urkenndra a\u00f0ila me\u00f0 skipul\u00f6g\u00f0um h\u00e6tti? J\u00e1\/Nei\u00a0<\/td><td class=\"column-3\">J\u00e1<\/td><td class=\"column-4\">J\u00e1<\/td><td class=\"column-5\">J\u00e1<\/td>\n<\/tr>\n<tr class=\"row-27\">\n\t<td class=\"column-1\"><\/td><td class=\"column-2\">Leggur fyrirt\u00e6ki\u00f0 \u00feitt \u00e1herslu \u00e1 tiltekin heimsmarkmi\u00f0 Sameinu\u00f0u \u00fej\u00f3\u00f0anna um sj\u00e1lfb\u00e6ra \u00fer\u00f3un (UN SDGs)? J\u00e1\/Nei\u00a0<\/td><td class=\"column-3\">J\u00e1<\/td><td class=\"column-4\">J\u00e1<\/td><td class=\"column-5\">J\u00e1<\/td>\n<\/tr>\n<tr class=\"row-28\">\n\t<td class=\"column-1\"><\/td><td class=\"column-2\">Setur fyrirt\u00e6ki\u00f0 \u00feitt markmi\u00f0 og gefur sk\u00fdrslu um framvindu heimsmarkmi\u00f0a S\u00de? J\u00e1\/Nei\u00a0<\/td><td class=\"column-3\">J\u00e1<\/td><td class=\"column-4\">J\u00e1<\/td><td class=\"column-5\">J\u00e1<\/td>\n<\/tr>\n<tr class=\"row-29\">\n\t<td class=\"column-1\">G10<\/td><td class=\"column-2\">G\u00f6gn tekin \u00fat\/sannreynd af \u00feri\u00f0ja a\u00f0ila\u00a0<\/td><td class=\"column-3\"><\/td><td class=\"column-4\"><\/td><td class=\"column-5\"><\/td>\n<\/tr>\n<tr class=\"row-30\">\n\t<td class=\"column-1\"><\/td><td class=\"column-2\">Er uppl\u00fdsingagj\u00f6f \u00fe\u00edn um sj\u00e1lfb\u00e6rni tekin \u00fat e\u00f0a sannreynd af \u00feri\u00f0ja a\u00f0ila? J\u00e1\/Nei\u00a0<\/td><td class=\"column-3\">J\u00e1<\/td><td class=\"column-4\">J\u00e1<\/td><td class=\"column-5\">J\u00e1<\/td>\n<\/tr>\n<\/tbody>\n<\/table>\n<!-- #tablepress-22 from cache -->\n<\/div><div class=\"fusion-text fusion-text-3\"><p>** Ekki teki\u00f0 saman.<\/p>\n<\/div><\/div><\/div><\/div><\/div>\n","protected":false},"excerpt":{"rendered":"","protected":false},"author":9,"featured_media":0,"parent":0,"menu_order":0,"comment_status":"closed","ping_status":"closed","template":"","meta":{"_acf_changed":false,"_coblocks_attr":"","_coblocks_dimensions":"","_coblocks_responsive_height":"","_coblocks_accordion_ie_support":"","ngg_post_thumbnail":0,"footnotes":""},"class_list":["post-5640","page","type-page","status-publish","hentry"],"acf":[],"yoast_head":"<!-- This site is optimized with the Yoast SEO Premium plugin v26.2 (Yoast SEO v27.5) - https:\/\/yoast.com\/product\/yoast-seo-premium-wordpress\/ -->\n<title>UFS sta\u00f0lar - Stj\u00f3rnarh\u00e6ttir 2025 - \u00d3sar<\/title>\n<meta name=\"robots\" content=\"noindex, follow, max-snippet:-1, max-image-preview:large, max-video-preview:-1\" \/>\n<meta property=\"og:locale\" content=\"en_GB\" \/>\n<meta property=\"og:type\" content=\"article\" \/>\n<meta property=\"og:title\" content=\"UFS sta\u00f0lar - Stj\u00f3rnarh\u00e6ttir 2025\" \/>\n<meta property=\"og:url\" content=\"https:\/\/osar.is\/staging\/ufs-stadlar-stjornarhaettir-2025\/\" \/>\n<meta property=\"og:site_name\" content=\"\u00d3sar\" \/>\n<meta property=\"article:modified_time\" content=\"2026-04-20T11:40:53+00:00\" \/>\n<meta name=\"twitter:card\" content=\"summary_large_image\" \/>\n<meta name=\"twitter:label1\" content=\"Estimated reading time\" \/>\n\t<meta name=\"twitter:data1\" content=\"2 minutes\" \/>\n<script type=\"application\/ld+json\" class=\"yoast-schema-graph\">{\"@context\":\"https:\\\/\\\/schema.org\",\"@graph\":[{\"@type\":\"WebPage\",\"@id\":\"https:\\\/\\\/osar.is\\\/staging\\\/ufs-stadlar-stjornarhaettir-2025\\\/\",\"url\":\"https:\\\/\\\/osar.is\\\/staging\\\/ufs-stadlar-stjornarhaettir-2025\\\/\",\"name\":\"UFS sta\u00f0lar - Stj\u00f3rnarh\u00e6ttir 2025 - \u00d3sar\",\"isPartOf\":{\"@id\":\"https:\\\/\\\/osar.is\\\/staging\\\/#website\"},\"datePublished\":\"2025-04-22T13:24:41+00:00\",\"dateModified\":\"2026-04-20T11:40:53+00:00\",\"breadcrumb\":{\"@id\":\"https:\\\/\\\/osar.is\\\/staging\\\/ufs-stadlar-stjornarhaettir-2025\\\/#breadcrumb\"},\"inLanguage\":\"en-GB\",\"potentialAction\":[{\"@type\":\"ReadAction\",\"target\":[\"https:\\\/\\\/osar.is\\\/staging\\\/ufs-stadlar-stjornarhaettir-2025\\\/\"]}]},{\"@type\":\"BreadcrumbList\",\"@id\":\"https:\\\/\\\/osar.is\\\/staging\\\/ufs-stadlar-stjornarhaettir-2025\\\/#breadcrumb\",\"itemListElement\":[{\"@type\":\"ListItem\",\"position\":1,\"name\":\"Home\",\"item\":\"https:\\\/\\\/osar.is\\\/staging\\\/\"},{\"@type\":\"ListItem\",\"position\":2,\"name\":\"UFS sta\u00f0lar &#8211; Stj\u00f3rnarh\u00e6ttir 2025\"}]},{\"@type\":\"WebSite\",\"@id\":\"https:\\\/\\\/osar.is\\\/staging\\\/#website\",\"url\":\"https:\\\/\\\/osar.is\\\/staging\\\/\",\"name\":\"\u00d3sar - l\u00edf\u00e6\u00f0 heilbrig\u00f0is\",\"description\":\"L\u00edf\u00e6\u00f0 heilbrig\u00f0is\",\"publisher\":{\"@id\":\"https:\\\/\\\/osar.is\\\/staging\\\/#organization\"},\"potentialAction\":[{\"@type\":\"SearchAction\",\"target\":{\"@type\":\"EntryPoint\",\"urlTemplate\":\"https:\\\/\\\/osar.is\\\/staging\\\/?s={search_term_string}\"},\"query-input\":{\"@type\":\"PropertyValueSpecification\",\"valueRequired\":true,\"valueName\":\"search_term_string\"}}],\"inLanguage\":\"en-GB\"},{\"@type\":\"Organization\",\"@id\":\"https:\\\/\\\/osar.is\\\/staging\\\/#organization\",\"name\":\"\u00d3sar - l\u00edf\u00e6\u00f0 heilbrig\u00f0is\",\"url\":\"https:\\\/\\\/osar.is\\\/staging\\\/\",\"logo\":{\"@type\":\"ImageObject\",\"inLanguage\":\"en-GB\",\"@id\":\"https:\\\/\\\/osar.is\\\/staging\\\/#\\\/schema\\\/logo\\\/image\\\/\",\"url\":\"https:\\\/\\\/osar.is\\\/staging\\\/wp-content\\\/uploads\\\/2022\\\/05\\\/Osar_ljost_slagord_logo.png\",\"contentUrl\":\"https:\\\/\\\/osar.is\\\/staging\\\/wp-content\\\/uploads\\\/2022\\\/05\\\/Osar_ljost_slagord_logo.png\",\"width\":1815,\"height\":383,\"caption\":\"\u00d3sar - l\u00edf\u00e6\u00f0 heilbrig\u00f0is\"},\"image\":{\"@id\":\"https:\\\/\\\/osar.is\\\/staging\\\/#\\\/schema\\\/logo\\\/image\\\/\"}}]}<\/script>\n<!-- \/ Yoast SEO Premium plugin. -->","yoast_head_json":{"title":"UFS sta\u00f0lar - Stj\u00f3rnarh\u00e6ttir 2025 - \u00d3sar","robots":{"index":"noindex","follow":"follow","max-snippet":"max-snippet:-1","max-image-preview":"max-image-preview:large","max-video-preview":"max-video-preview:-1"},"og_locale":"en_GB","og_type":"article","og_title":"UFS sta\u00f0lar - Stj\u00f3rnarh\u00e6ttir 2025","og_url":"https:\/\/osar.is\/staging\/ufs-stadlar-stjornarhaettir-2025\/","og_site_name":"\u00d3sar","article_modified_time":"2026-04-20T11:40:53+00:00","twitter_card":"summary_large_image","twitter_misc":{"Estimated reading time":"2 minutes"},"schema":{"@context":"https:\/\/schema.org","@graph":[{"@type":"WebPage","@id":"https:\/\/osar.is\/staging\/ufs-stadlar-stjornarhaettir-2025\/","url":"https:\/\/osar.is\/staging\/ufs-stadlar-stjornarhaettir-2025\/","name":"UFS sta\u00f0lar - Stj\u00f3rnarh\u00e6ttir 2025 - \u00d3sar","isPartOf":{"@id":"https:\/\/osar.is\/staging\/#website"},"datePublished":"2025-04-22T13:24:41+00:00","dateModified":"2026-04-20T11:40:53+00:00","breadcrumb":{"@id":"https:\/\/osar.is\/staging\/ufs-stadlar-stjornarhaettir-2025\/#breadcrumb"},"inLanguage":"en-GB","potentialAction":[{"@type":"ReadAction","target":["https:\/\/osar.is\/staging\/ufs-stadlar-stjornarhaettir-2025\/"]}]},{"@type":"BreadcrumbList","@id":"https:\/\/osar.is\/staging\/ufs-stadlar-stjornarhaettir-2025\/#breadcrumb","itemListElement":[{"@type":"ListItem","position":1,"name":"Home","item":"https:\/\/osar.is\/staging\/"},{"@type":"ListItem","position":2,"name":"UFS sta\u00f0lar &#8211; Stj\u00f3rnarh\u00e6ttir 2025"}]},{"@type":"WebSite","@id":"https:\/\/osar.is\/staging\/#website","url":"https:\/\/osar.is\/staging\/","name":"\u00d3sar - l\u00edf\u00e6\u00f0 heilbrig\u00f0is","description":"L\u00edf\u00e6\u00f0 heilbrig\u00f0is","publisher":{"@id":"https:\/\/osar.is\/staging\/#organization"},"potentialAction":[{"@type":"SearchAction","target":{"@type":"EntryPoint","urlTemplate":"https:\/\/osar.is\/staging\/?s={search_term_string}"},"query-input":{"@type":"PropertyValueSpecification","valueRequired":true,"valueName":"search_term_string"}}],"inLanguage":"en-GB"},{"@type":"Organization","@id":"https:\/\/osar.is\/staging\/#organization","name":"\u00d3sar - l\u00edf\u00e6\u00f0 heilbrig\u00f0is","url":"https:\/\/osar.is\/staging\/","logo":{"@type":"ImageObject","inLanguage":"en-GB","@id":"https:\/\/osar.is\/staging\/#\/schema\/logo\/image\/","url":"https:\/\/osar.is\/staging\/wp-content\/uploads\/2022\/05\/Osar_ljost_slagord_logo.png","contentUrl":"https:\/\/osar.is\/staging\/wp-content\/uploads\/2022\/05\/Osar_ljost_slagord_logo.png","width":1815,"height":383,"caption":"\u00d3sar - l\u00edf\u00e6\u00f0 heilbrig\u00f0is"},"image":{"@id":"https:\/\/osar.is\/staging\/#\/schema\/logo\/image\/"}}]}},"_links":{"self":[{"href":"https:\/\/osar.is\/staging\/wp-json\/wp\/v2\/pages\/5640","targetHints":{"allow":["GET"]}}],"collection":[{"href":"https:\/\/osar.is\/staging\/wp-json\/wp\/v2\/pages"}],"about":[{"href":"https:\/\/osar.is\/staging\/wp-json\/wp\/v2\/types\/page"}],"author":[{"embeddable":true,"href":"https:\/\/osar.is\/staging\/wp-json\/wp\/v2\/users\/9"}],"replies":[{"embeddable":true,"href":"https:\/\/osar.is\/staging\/wp-json\/wp\/v2\/comments?post=5640"}],"version-history":[{"count":1,"href":"https:\/\/osar.is\/staging\/wp-json\/wp\/v2\/pages\/5640\/revisions"}],"predecessor-version":[{"id":6209,"href":"https:\/\/osar.is\/staging\/wp-json\/wp\/v2\/pages\/5640\/revisions\/6209"}],"wp:attachment":[{"href":"https:\/\/osar.is\/staging\/wp-json\/wp\/v2\/media?parent=5640"}],"curies":[{"name":"wp","href":"https:\/\/api.w.org\/{rel}","templated":true}]}}