{"id":2985,"date":"2022-08-12T15:05:40","date_gmt":"2022-08-12T15:05:40","guid":{"rendered":"https:\/\/osar.is\/?page_id=2985"},"modified":"2024-10-30T15:43:59","modified_gmt":"2024-10-30T15:43:59","slug":"social-factors-reporting","status":"publish","type":"page","link":"https:\/\/osar.is\/staging\/social-factors-reporting\/","title":{"rendered":"Social Factors Reporting"},"content":{"rendered":"<div class=\"fusion-fullwidth fullwidth-box fusion-builder-row-1 fusion-flex-container nonhundred-percent-fullwidth non-hundred-percent-height-scrolling\" style=\"--awb-border-radius-top-left:0px;--awb-border-radius-top-right:0px;--awb-border-radius-bottom-right:0px;--awb-border-radius-bottom-left:0px;--awb-flex-wrap:wrap;\" ><div class=\"fusion-builder-row fusion-row fusion-flex-align-items-flex-start fusion-flex-content-wrap\" style=\"max-width:1206.4px;margin-left: calc(-4% \/ 2 );margin-right: calc(-4% \/ 2 );\"><div class=\"fusion-layout-column fusion_builder_column fusion-builder-column-0 fusion_builder_column_1_1 1_1 fusion-flex-column\" style=\"--awb-padding-top:96px;--awb-bg-blend:overlay;--awb-bg-size:cover;--awb-width-large:100%;--awb-margin-top-large:0px;--awb-spacing-right-large:1.92%;--awb-margin-bottom-large:0px;--awb-spacing-left-large:1.92%;--awb-width-medium:100%;--awb-spacing-right-medium:1.92%;--awb-spacing-left-medium:1.92%;--awb-width-small:100%;--awb-spacing-right-small:1.92%;--awb-spacing-left-small:1.92%;\"><div class=\"fusion-column-wrapper fusion-flex-justify-content-flex-start fusion-content-layout-column\"><div class=\"fusion-text fusion-text-1\" style=\"--awb-text-transform:none;\"><h1 class=\"title-heading-left\">Social Factors Reporting 2023<\/h1>\n<\/div><div class=\"fusion-text fusion-text-2\" style=\"--awb-text-transform:none;\"><p class=\"p1\"><span class=\"s2\">\n<table id=\"tablepress-14\" class=\"tablepress tablepress-id-14\">\n<thead>\n<tr class=\"row-1\">\n\t<td class=\"column-1\"><\/td><td class=\"column-2\"><\/td><th class=\"column-3\">Icepharma<\/th><th class=\"column-4\">Parlogis<\/th><th class=\"column-5\">\u00d3sar Group<\/th>\n<\/tr>\n<\/thead>\n<tbody class=\"row-striping row-hover\">\n<tr class=\"row-2\">\n\t<td class=\"column-1\">Indicator<\/td><td class=\"column-2\">Measure<\/td><td class=\"column-3\">2023<\/td><td class=\"column-4\">2023<\/td><td class=\"column-5\">2023<\/td>\n<\/tr>\n<tr class=\"row-3\">\n\t<td class=\"column-1\">S1\u00a0<\/td><td class=\"column-2\">CEO Wage Proportion<\/td><td class=\"column-3\"><\/td><td class=\"column-4\"><\/td><td class=\"column-5\"><\/td>\n<\/tr>\n<tr class=\"row-4\">\n\t<td class=\"column-1\"><\/td><td class=\"column-2\">Proportion of the total wages of the CEO and the median total wage of full-time employees\u00a0<\/td><td class=\"column-3\">Not compiled<\/td><td class=\"column-4\">Not compiled<\/td><td class=\"column-5\">Not compiled<\/td>\n<\/tr>\n<tr class=\"row-5\">\n\t<td class=\"column-1\"><\/td><td class=\"column-2\">Is this percentage stated by the company in reporting to the authorities? Yes\/No\u00a0<\/td><td class=\"column-3\">No<\/td><td class=\"column-4\">No<\/td><td class=\"column-5\">No<\/td>\n<\/tr>\n<tr class=\"row-6\">\n\t<td class=\"column-1\">S2\u00a0<\/td><td class=\"column-2\">Gender Pay Gap<\/td><td class=\"column-3\"><\/td><td class=\"column-4\"><\/td><td class=\"column-5\"><\/td>\n<\/tr>\n<tr class=\"row-7\">\n\t<td class=\"column-1\"><\/td><td class=\"column-2\">The ratio of the median of men\u2019s wage payments to the median of women\u2019s wage payments\u00a0<\/td><td class=\"column-3\">1.0<\/td><td class=\"column-4\">0.9<\/td><td class=\"column-5\">0.9<\/td>\n<\/tr>\n<tr class=\"row-8\">\n\t<td class=\"column-1\">S3\u00a0<\/td><td class=\"column-2\">Employee Turnover<\/td><td class=\"column-3\"><\/td><td class=\"column-4\"><\/td><td class=\"column-5\"><\/td>\n<\/tr>\n<tr class=\"row-9\">\n\t<td class=\"column-1\"><\/td><td class=\"column-2\">Annual change of full-time employees, in percentages *all employees \u2013 no distinction made between full-time employees and lower employment ratio <\/td><td class=\"column-3\">21%<\/td><td class=\"column-4\">18%<\/td><td class=\"column-5\">19%<\/td>\n<\/tr>\n<tr class=\"row-10\">\n\t<td class=\"column-1\"><\/td><td class=\"column-2\">Annual change of part-time staff, in percentages<\/td><td class=\"column-3\">Not compiled<\/td><td class=\"column-4\">Not compiled<\/td><td class=\"column-5\">Not compiled<\/td>\n<\/tr>\n<tr class=\"row-11\">\n\t<td class=\"column-1\"><\/td><td class=\"column-2\">Annual change of contractors and\/or consultants, in percentages\u00a0<\/td><td class=\"column-3\">N\/A<\/td><td class=\"column-4\">N\/A<\/td><td class=\"column-5\">N\/A<\/td>\n<\/tr>\n<tr class=\"row-12\">\n\t<td class=\"column-1\">S4<\/td><td class=\"column-2\">Gender Diversity<\/td><td class=\"column-3\"><\/td><td class=\"column-4\"><\/td><td class=\"column-5\"><\/td>\n<\/tr>\n<tr class=\"row-13\">\n\t<td class=\"column-1\"><\/td><td class=\"column-2\">Gender ratio within the company, in percentages (men)<\/td><td class=\"column-3\">24%<\/td><td class=\"column-4\">41%<\/td><td class=\"column-5\">33%<\/td>\n<\/tr>\n<tr class=\"row-14\">\n\t<td class=\"column-1\"><\/td><td class=\"column-2\">Gender ratio in entry-level jobs and next employment level above, in percentages (managers)\u00a0<\/td><td class=\"column-3\">Not compiled<\/td><td class=\"column-4\">Not compiled<\/td><td class=\"column-5\">Not compiled<\/td>\n<\/tr>\n<tr class=\"row-15\">\n\t<td class=\"column-1\"><\/td><td class=\"column-2\">Gender ratio in top-level jobs and as managing directors, in percentages (men)\u00a0<\/td><td class=\"column-3\">50%<\/td><td class=\"column-4\">40%<\/td><td class=\"column-5\">50%<\/td>\n<\/tr>\n<tr class=\"row-16\">\n\t<td class=\"column-1\">S5\u00a0<\/td><td class=\"column-2\">Proportion of Temporary Staff<\/td><td class=\"column-3\"><\/td><td class=\"column-4\"><\/td><td class=\"column-5\"><\/td>\n<\/tr>\n<tr class=\"row-17\">\n\t<td class=\"column-1\"><\/td><td class=\"column-2\">Percentage of part-time staff\u00a0<\/td><td class=\"column-3\">6%<\/td><td class=\"column-4\">5%<\/td><td class=\"column-5\">5%<\/td>\n<\/tr>\n<tr class=\"row-18\">\n\t<td class=\"column-1\"><\/td><td class=\"column-2\">Percentage of contractors and\/or consultants\u00a0<\/td><td class=\"column-3\">0%<\/td><td class=\"column-4\">0%<\/td><td class=\"column-5\">0%<\/td>\n<\/tr>\n<tr class=\"row-19\">\n\t<td class=\"column-1\">S6\u00a0<\/td><td class=\"column-2\">Anti-Discrimination Action<\/td><td class=\"column-3\"><\/td><td class=\"column-4\"><\/td><td class=\"column-5\"><\/td>\n<\/tr>\n<tr class=\"row-20\">\n\t<td class=\"column-1\"><\/td><td class=\"column-2\">Does your company follow a Sexual Harassment and\/or Equality Policy? Yes\/No\u00a0<\/td><td class=\"column-3\">Yes<\/td><td class=\"column-4\">Yes<\/td><td class=\"column-5\">Yes<\/td>\n<\/tr>\n<tr class=\"row-21\">\n\t<td class=\"column-1\">S7\u00a0<\/td><td class=\"column-2\">Frequency of Occupational Accidents<\/td><td class=\"column-3\"><\/td><td class=\"column-4\"><\/td><td class=\"column-5\"><\/td>\n<\/tr>\n<tr class=\"row-22\">\n\t<td class=\"column-1\"><\/td><td class=\"column-2\">Frequency of accident-related incidents based on total labour force, in percentages\u00a0<\/td><td class=\"column-3\">Not compiled<\/td><td class=\"column-4\">Not compiled<\/td><td class=\"column-5\">Not compiled<\/td>\n<\/tr>\n<tr class=\"row-23\">\n\t<td class=\"column-1\">S8\u00a0<\/td><td class=\"column-2\">Global Health and Safety<\/td><td class=\"column-3\"><\/td><td class=\"column-4\"><\/td><td class=\"column-5\"><\/td>\n<\/tr>\n<tr class=\"row-24\">\n\t<td class=\"column-1\"><\/td><td class=\"column-2\">Does your company follow an Occupational Health Policy and\/or a Global Health and Safety Policy? Yes\/No<\/td><td class=\"column-3\">Yes<\/td><td class=\"column-4\">Yes<\/td><td class=\"column-5\">Yes<\/td>\n<\/tr>\n<tr class=\"row-25\">\n\t<td class=\"column-1\">S9\u00a0<\/td><td class=\"column-2\">Child and Forced Labour<\/td><td class=\"column-3\"><\/td><td class=\"column-4\"><\/td><td class=\"column-5\"><\/td>\n<\/tr>\n<tr class=\"row-26\">\n\t<td class=\"column-1\"><\/td><td class=\"column-2\">Does your company follow an Anti-Child and\/or Forced Labour Policy? Yes\/No\u00a0<\/td><td class=\"column-3\">Yes<\/td><td class=\"column-4\">Yes<\/td><td class=\"column-5\">Yes<\/td>\n<\/tr>\n<tr class=\"row-27\">\n\t<td class=\"column-1\"><\/td><td class=\"column-2\">If yes, does the Anti-Child and\/or Forced Labour Policy also apply to suppliers and sellers? Yes\/No\u00a0<\/td><td class=\"column-3\">No<\/td><td class=\"column-4\">No<\/td><td class=\"column-5\">No<\/td>\n<\/tr>\n<tr class=\"row-28\">\n\t<td class=\"column-1\">S10\u00a0<\/td><td class=\"column-2\">Human Rights<\/td><td class=\"column-3\"><\/td><td class=\"column-4\"><\/td><td class=\"column-5\"><\/td>\n<\/tr>\n<tr class=\"row-29\">\n\t<td class=\"column-1\"><\/td><td class=\"column-2\">Does your company follow a Human Rights Policy? Yes\/No\u00a0<\/td><td class=\"column-3\">Yes<\/td><td class=\"column-4\">Yes<\/td><td class=\"column-5\">Yes<\/td>\n<\/tr>\n<\/tbody>\n<\/table>\n<!-- #tablepress-14 from cache --><\/span><\/p>\n<\/div><\/div><\/div><\/div><\/div>\n","protected":false},"excerpt":{"rendered":"","protected":false},"author":2,"featured_media":0,"parent":0,"menu_order":0,"comment_status":"closed","ping_status":"closed","template":"","meta":{"_acf_changed":false,"_coblocks_attr":"","_coblocks_dimensions":"","_coblocks_responsive_height":"","_coblocks_accordion_ie_support":"","ngg_post_thumbnail":0,"footnotes":""},"class_list":["post-2985","page","type-page","status-publish","hentry"],"acf":[],"yoast_head":"<!-- This site is optimized with the Yoast SEO Premium plugin v26.2 (Yoast SEO v27.5) - https:\/\/yoast.com\/product\/yoast-seo-premium-wordpress\/ -->\n<title>Social Factors Reporting - \u00d3sar<\/title>\n<meta name=\"robots\" content=\"noindex, follow, max-snippet:-1, max-image-preview:large, max-video-preview:-1\" \/>\n<meta property=\"og:locale\" content=\"en_GB\" \/>\n<meta property=\"og:type\" content=\"article\" \/>\n<meta property=\"og:title\" content=\"Social Factors Reporting\" \/>\n<meta property=\"og:url\" content=\"https:\/\/osar.is\/staging\/social-factors-reporting\/\" \/>\n<meta property=\"og:site_name\" content=\"\u00d3sar\" \/>\n<meta property=\"article:modified_time\" content=\"2024-10-30T15:43:59+00:00\" \/>\n<meta name=\"twitter:card\" content=\"summary_large_image\" \/>\n<meta name=\"twitter:label1\" content=\"Estimated reading time\" \/>\n\t<meta name=\"twitter:data1\" content=\"2 minutes\" \/>\n<script type=\"application\/ld+json\" class=\"yoast-schema-graph\">{\"@context\":\"https:\\\/\\\/schema.org\",\"@graph\":[{\"@type\":\"WebPage\",\"@id\":\"https:\\\/\\\/osar.is\\\/staging\\\/social-factors-reporting\\\/\",\"url\":\"https:\\\/\\\/osar.is\\\/staging\\\/social-factors-reporting\\\/\",\"name\":\"Social Factors Reporting - \u00d3sar\",\"isPartOf\":{\"@id\":\"https:\\\/\\\/osar.is\\\/staging\\\/#website\"},\"datePublished\":\"2022-08-12T15:05:40+00:00\",\"dateModified\":\"2024-10-30T15:43:59+00:00\",\"breadcrumb\":{\"@id\":\"https:\\\/\\\/osar.is\\\/staging\\\/social-factors-reporting\\\/#breadcrumb\"},\"inLanguage\":\"en-GB\",\"potentialAction\":[{\"@type\":\"ReadAction\",\"target\":[\"https:\\\/\\\/osar.is\\\/staging\\\/social-factors-reporting\\\/\"]}]},{\"@type\":\"BreadcrumbList\",\"@id\":\"https:\\\/\\\/osar.is\\\/staging\\\/social-factors-reporting\\\/#breadcrumb\",\"itemListElement\":[{\"@type\":\"ListItem\",\"position\":1,\"name\":\"Home\",\"item\":\"https:\\\/\\\/osar.is\\\/staging\\\/\"},{\"@type\":\"ListItem\",\"position\":2,\"name\":\"Social Factors Reporting\"}]},{\"@type\":\"WebSite\",\"@id\":\"https:\\\/\\\/osar.is\\\/staging\\\/#website\",\"url\":\"https:\\\/\\\/osar.is\\\/staging\\\/\",\"name\":\"\u00d3sar - l\u00edf\u00e6\u00f0 heilbrig\u00f0is\",\"description\":\"L\u00edf\u00e6\u00f0 heilbrig\u00f0is\",\"publisher\":{\"@id\":\"https:\\\/\\\/osar.is\\\/staging\\\/#organization\"},\"potentialAction\":[{\"@type\":\"SearchAction\",\"target\":{\"@type\":\"EntryPoint\",\"urlTemplate\":\"https:\\\/\\\/osar.is\\\/staging\\\/?s={search_term_string}\"},\"query-input\":{\"@type\":\"PropertyValueSpecification\",\"valueRequired\":true,\"valueName\":\"search_term_string\"}}],\"inLanguage\":\"en-GB\"},{\"@type\":\"Organization\",\"@id\":\"https:\\\/\\\/osar.is\\\/staging\\\/#organization\",\"name\":\"\u00d3sar - l\u00edf\u00e6\u00f0 heilbrig\u00f0is\",\"url\":\"https:\\\/\\\/osar.is\\\/staging\\\/\",\"logo\":{\"@type\":\"ImageObject\",\"inLanguage\":\"en-GB\",\"@id\":\"https:\\\/\\\/osar.is\\\/staging\\\/#\\\/schema\\\/logo\\\/image\\\/\",\"url\":\"https:\\\/\\\/osar.is\\\/staging\\\/wp-content\\\/uploads\\\/2022\\\/05\\\/Osar_ljost_slagord_logo.png\",\"contentUrl\":\"https:\\\/\\\/osar.is\\\/staging\\\/wp-content\\\/uploads\\\/2022\\\/05\\\/Osar_ljost_slagord_logo.png\",\"width\":1815,\"height\":383,\"caption\":\"\u00d3sar - l\u00edf\u00e6\u00f0 heilbrig\u00f0is\"},\"image\":{\"@id\":\"https:\\\/\\\/osar.is\\\/staging\\\/#\\\/schema\\\/logo\\\/image\\\/\"}}]}<\/script>\n<!-- \/ Yoast SEO Premium plugin. -->","yoast_head_json":{"title":"Social Factors Reporting - \u00d3sar","robots":{"index":"noindex","follow":"follow","max-snippet":"max-snippet:-1","max-image-preview":"max-image-preview:large","max-video-preview":"max-video-preview:-1"},"og_locale":"en_GB","og_type":"article","og_title":"Social Factors Reporting","og_url":"https:\/\/osar.is\/staging\/social-factors-reporting\/","og_site_name":"\u00d3sar","article_modified_time":"2024-10-30T15:43:59+00:00","twitter_card":"summary_large_image","twitter_misc":{"Estimated reading time":"2 minutes"},"schema":{"@context":"https:\/\/schema.org","@graph":[{"@type":"WebPage","@id":"https:\/\/osar.is\/staging\/social-factors-reporting\/","url":"https:\/\/osar.is\/staging\/social-factors-reporting\/","name":"Social Factors Reporting - \u00d3sar","isPartOf":{"@id":"https:\/\/osar.is\/staging\/#website"},"datePublished":"2022-08-12T15:05:40+00:00","dateModified":"2024-10-30T15:43:59+00:00","breadcrumb":{"@id":"https:\/\/osar.is\/staging\/social-factors-reporting\/#breadcrumb"},"inLanguage":"en-GB","potentialAction":[{"@type":"ReadAction","target":["https:\/\/osar.is\/staging\/social-factors-reporting\/"]}]},{"@type":"BreadcrumbList","@id":"https:\/\/osar.is\/staging\/social-factors-reporting\/#breadcrumb","itemListElement":[{"@type":"ListItem","position":1,"name":"Home","item":"https:\/\/osar.is\/staging\/"},{"@type":"ListItem","position":2,"name":"Social Factors Reporting"}]},{"@type":"WebSite","@id":"https:\/\/osar.is\/staging\/#website","url":"https:\/\/osar.is\/staging\/","name":"\u00d3sar - l\u00edf\u00e6\u00f0 heilbrig\u00f0is","description":"L\u00edf\u00e6\u00f0 heilbrig\u00f0is","publisher":{"@id":"https:\/\/osar.is\/staging\/#organization"},"potentialAction":[{"@type":"SearchAction","target":{"@type":"EntryPoint","urlTemplate":"https:\/\/osar.is\/staging\/?s={search_term_string}"},"query-input":{"@type":"PropertyValueSpecification","valueRequired":true,"valueName":"search_term_string"}}],"inLanguage":"en-GB"},{"@type":"Organization","@id":"https:\/\/osar.is\/staging\/#organization","name":"\u00d3sar - l\u00edf\u00e6\u00f0 heilbrig\u00f0is","url":"https:\/\/osar.is\/staging\/","logo":{"@type":"ImageObject","inLanguage":"en-GB","@id":"https:\/\/osar.is\/staging\/#\/schema\/logo\/image\/","url":"https:\/\/osar.is\/staging\/wp-content\/uploads\/2022\/05\/Osar_ljost_slagord_logo.png","contentUrl":"https:\/\/osar.is\/staging\/wp-content\/uploads\/2022\/05\/Osar_ljost_slagord_logo.png","width":1815,"height":383,"caption":"\u00d3sar - l\u00edf\u00e6\u00f0 heilbrig\u00f0is"},"image":{"@id":"https:\/\/osar.is\/staging\/#\/schema\/logo\/image\/"}}]}},"_links":{"self":[{"href":"https:\/\/osar.is\/staging\/wp-json\/wp\/v2\/pages\/2985","targetHints":{"allow":["GET"]}}],"collection":[{"href":"https:\/\/osar.is\/staging\/wp-json\/wp\/v2\/pages"}],"about":[{"href":"https:\/\/osar.is\/staging\/wp-json\/wp\/v2\/types\/page"}],"author":[{"embeddable":true,"href":"https:\/\/osar.is\/staging\/wp-json\/wp\/v2\/users\/2"}],"replies":[{"embeddable":true,"href":"https:\/\/osar.is\/staging\/wp-json\/wp\/v2\/comments?post=2985"}],"version-history":[{"count":1,"href":"https:\/\/osar.is\/staging\/wp-json\/wp\/v2\/pages\/2985\/revisions"}],"predecessor-version":[{"id":5066,"href":"https:\/\/osar.is\/staging\/wp-json\/wp\/v2\/pages\/2985\/revisions\/5066"}],"wp:attachment":[{"href":"https:\/\/osar.is\/staging\/wp-json\/wp\/v2\/media?parent=2985"}],"curies":[{"name":"wp","href":"https:\/\/api.w.org\/{rel}","templated":true}]}}