{"id":2899,"date":"2022-08-11T10:17:42","date_gmt":"2022-08-11T10:17:42","guid":{"rendered":"https:\/\/osar.is\/?page_id=2899"},"modified":"2025-10-21T12:40:47","modified_gmt":"2025-10-21T12:40:47","slug":"communications-and-compliance","status":"publish","type":"page","link":"https:\/\/osar.is\/staging\/osar-english\/communications-and-compliance\/","title":{"rendered":"Communications and Compliance"},"content":{"rendered":"<div class=\"fusion-fullwidth fullwidth-box fusion-builder-row-1 fusion-flex-container nonhundred-percent-fullwidth non-hundred-percent-height-scrolling\" style=\"--awb-border-radius-top-left:0px;--awb-border-radius-top-right:0px;--awb-border-radius-bottom-right:0px;--awb-border-radius-bottom-left:0px;--awb-margin-top:150px;--awb-flex-wrap:wrap;\" ><div class=\"fusion-builder-row fusion-row fusion-flex-align-items-flex-start fusion-flex-content-wrap\" style=\"max-width:1206.4px;margin-left: calc(-4% \/ 2 );margin-right: calc(-4% \/ 2 );\"><div class=\"fusion-layout-column fusion_builder_column fusion-builder-column-0 fusion_builder_column_1_1 1_1 fusion-flex-column\" style=\"--awb-padding-right:50px;--awb-padding-left:50px;--awb-bg-size:cover;--awb-width-large:100%;--awb-margin-top-large:25px;--awb-spacing-right-large:1.92%;--awb-margin-bottom-large:25px;--awb-spacing-left-large:1.92%;--awb-width-medium:100%;--awb-order-medium:0;--awb-spacing-right-medium:1.92%;--awb-spacing-left-medium:1.92%;--awb-width-small:100%;--awb-order-small:0;--awb-spacing-right-small:1.92%;--awb-spacing-left-small:1.92%;\"><div class=\"fusion-column-wrapper fusion-column-has-shadow fusion-flex-justify-content-flex-start fusion-content-layout-column\"><div class=\"fusion-title title fusion-title-1 fusion-sep-none fusion-title-text fusion-title-size-one\" style=\"--awb-margin-top-small:0px;--awb-margin-right-small:0px;--awb-margin-bottom-small:20px;--awb-margin-left-small:0px;\"><h1 class=\"fusion-title-heading title-heading-left fusion-responsive-typography-calculated\" style=\"margin:0;--fontSize:36;line-height:var(--awb-typography1-line-height);\">Communications and Compliance<\/h1><\/div><div class=\"fusion-text fusion-text-1\" style=\"--awb-text-transform:none;\"><p><a href=\"https:\/\/osar.is\/staging\/wp-content\/uploads\/2024\/10\/Osar_Stefnur_Code_of_Conduct.pdf\">Code of Ethics and Conduct of <span style=\"color: var(--awb-text-color); font-family: var(--awb-text-font-family); font-size: var(--awb-font-size); font-style: var(--awb-text-font-style); font-weight: var(--awb-text-font-weight); letter-spacing: var(--awb-letter-spacing); text-align: var(--awb-content-alignment); text-transform: var(--awb-text-transform); background-color: var(--awb-bg-color-hover);\">\u00d3sar and its Subsidiaries<\/span><\/a><\/p>\n<h2 class=\"fusion-responsive-typography-calculated\" style=\"--fontsize: 24; line-height: 1.25; --minfontsize: 24;\" data-fontsize=\"24\" data-lineheight=\"30px\">Comments on misconduct<\/h2>\n<p>Here you can submit comments regarding misconduct. Misconduct involves e.g. that \u00d3sar or \u00d3sar\u2019s employees have, in their work, been found to have performed illegal activity, caused damage to others or violated ethical and\/or communication rules.<\/p>\n<p><a href=\"mailto:whistleblowericepharma@kpmg.is\">Submit a comment regarding misconduct (opens in the e-mail program)<\/a><br \/>\nThe comment must be based on a substantiated suspicion of possible misconduct or breach. Notifications are received by KPMG, which processes notifications and sends them anonymously to the Director of Quality Management at \u00d3sar. \u00d3sar processes all notifications received. The person who submits the comment does not automatically become a party to the case and cannot demand information about the status of the investigation or development of the case. If a notification concerns a violation of the law, it is always reported to the police.<\/p>\n<p><strong>Who can submit a comment?<\/strong><br \/>\nAnyone who believes they have information about possible misconduct or a breach in \u00d3sar\u2019s activities can submit a comment. This applies both to \u00d3sar employees and others.<\/p>\n<p><strong>What happens after a comment is submitted?<\/strong><br \/>\nWhen \u00d3sar has received the notification anonymously from KPMG, a defined internal process begins at \u00d3sar. Each comment is examined and its course determined. An investigation can be conducted internally with or without the involvement of KPMG or the police. \u00d3sar can also entrust KPMG or the police with the investigation of the case without its involvement, depending on the nature of the case.<\/p>\n<p><strong>What information is necessary?<\/strong><br \/>\nAll evidence is desirable but not necessary. However, there must be a reasonable suspicion of misconduct or a breach. \u00d3sar does not encourage the notifier to obtain further evidence on their own.<\/p>\n<\/div><\/div><\/div><\/div><\/div>\n","protected":false},"excerpt":{"rendered":"","protected":false},"author":2,"featured_media":0,"parent":2896,"menu_order":0,"comment_status":"closed","ping_status":"closed","template":"","meta":{"_acf_changed":false,"_coblocks_attr":"","_coblocks_dimensions":"","_coblocks_responsive_height":"","_coblocks_accordion_ie_support":"","ngg_post_thumbnail":0,"footnotes":""},"class_list":["post-2899","page","type-page","status-publish","hentry"],"acf":[],"yoast_head":"<!-- This site is optimized with the Yoast SEO Premium plugin v26.2 (Yoast SEO v27.5) - https:\/\/yoast.com\/product\/yoast-seo-premium-wordpress\/ -->\n<title>Communications and Compliance - \u00d3sar<\/title>\n<meta name=\"robots\" content=\"noindex, follow, max-snippet:-1, max-image-preview:large, max-video-preview:-1\" \/>\n<meta property=\"og:locale\" content=\"en_GB\" \/>\n<meta property=\"og:type\" content=\"article\" \/>\n<meta property=\"og:title\" content=\"Communications and Compliance\" \/>\n<meta property=\"og:url\" content=\"https:\/\/osar.is\/staging\/osar-english\/communications-and-compliance\/\" \/>\n<meta property=\"og:site_name\" content=\"\u00d3sar\" \/>\n<meta property=\"article:modified_time\" content=\"2025-10-21T12:40:47+00:00\" \/>\n<meta name=\"twitter:card\" content=\"summary_large_image\" \/>\n<meta name=\"twitter:label1\" content=\"Estimated reading time\" \/>\n\t<meta name=\"twitter:data1\" content=\"2 minutes\" \/>\n<script type=\"application\/ld+json\" class=\"yoast-schema-graph\">{\"@context\":\"https:\\\/\\\/schema.org\",\"@graph\":[{\"@type\":\"WebPage\",\"@id\":\"https:\\\/\\\/osar.is\\\/staging\\\/osar-english\\\/communications-and-compliance\\\/\",\"url\":\"https:\\\/\\\/osar.is\\\/staging\\\/osar-english\\\/communications-and-compliance\\\/\",\"name\":\"Communications and Compliance - \u00d3sar\",\"isPartOf\":{\"@id\":\"https:\\\/\\\/osar.is\\\/staging\\\/#website\"},\"datePublished\":\"2022-08-11T10:17:42+00:00\",\"dateModified\":\"2025-10-21T12:40:47+00:00\",\"breadcrumb\":{\"@id\":\"https:\\\/\\\/osar.is\\\/staging\\\/osar-english\\\/communications-and-compliance\\\/#breadcrumb\"},\"inLanguage\":\"en-GB\",\"potentialAction\":[{\"@type\":\"ReadAction\",\"target\":[\"https:\\\/\\\/osar.is\\\/staging\\\/osar-english\\\/communications-and-compliance\\\/\"]}]},{\"@type\":\"BreadcrumbList\",\"@id\":\"https:\\\/\\\/osar.is\\\/staging\\\/osar-english\\\/communications-and-compliance\\\/#breadcrumb\",\"itemListElement\":[{\"@type\":\"ListItem\",\"position\":1,\"name\":\"Home\",\"item\":\"https:\\\/\\\/osar.is\\\/staging\\\/\"},{\"@type\":\"ListItem\",\"position\":2,\"name\":\"\u00d3sar &#8211; english\",\"item\":\"https:\\\/\\\/osar.is\\\/staging\\\/osar-english\\\/\"},{\"@type\":\"ListItem\",\"position\":3,\"name\":\"Communications and Compliance\"}]},{\"@type\":\"WebSite\",\"@id\":\"https:\\\/\\\/osar.is\\\/staging\\\/#website\",\"url\":\"https:\\\/\\\/osar.is\\\/staging\\\/\",\"name\":\"\u00d3sar - l\u00edf\u00e6\u00f0 heilbrig\u00f0is\",\"description\":\"L\u00edf\u00e6\u00f0 heilbrig\u00f0is\",\"publisher\":{\"@id\":\"https:\\\/\\\/osar.is\\\/staging\\\/#organization\"},\"potentialAction\":[{\"@type\":\"SearchAction\",\"target\":{\"@type\":\"EntryPoint\",\"urlTemplate\":\"https:\\\/\\\/osar.is\\\/staging\\\/?s={search_term_string}\"},\"query-input\":{\"@type\":\"PropertyValueSpecification\",\"valueRequired\":true,\"valueName\":\"search_term_string\"}}],\"inLanguage\":\"en-GB\"},{\"@type\":\"Organization\",\"@id\":\"https:\\\/\\\/osar.is\\\/staging\\\/#organization\",\"name\":\"\u00d3sar - l\u00edf\u00e6\u00f0 heilbrig\u00f0is\",\"url\":\"https:\\\/\\\/osar.is\\\/staging\\\/\",\"logo\":{\"@type\":\"ImageObject\",\"inLanguage\":\"en-GB\",\"@id\":\"https:\\\/\\\/osar.is\\\/staging\\\/#\\\/schema\\\/logo\\\/image\\\/\",\"url\":\"https:\\\/\\\/osar.is\\\/staging\\\/wp-content\\\/uploads\\\/2022\\\/05\\\/Osar_ljost_slagord_logo.png\",\"contentUrl\":\"https:\\\/\\\/osar.is\\\/staging\\\/wp-content\\\/uploads\\\/2022\\\/05\\\/Osar_ljost_slagord_logo.png\",\"width\":1815,\"height\":383,\"caption\":\"\u00d3sar - l\u00edf\u00e6\u00f0 heilbrig\u00f0is\"},\"image\":{\"@id\":\"https:\\\/\\\/osar.is\\\/staging\\\/#\\\/schema\\\/logo\\\/image\\\/\"}}]}<\/script>\n<!-- \/ Yoast SEO Premium plugin. -->","yoast_head_json":{"title":"Communications and Compliance - \u00d3sar","robots":{"index":"noindex","follow":"follow","max-snippet":"max-snippet:-1","max-image-preview":"max-image-preview:large","max-video-preview":"max-video-preview:-1"},"og_locale":"en_GB","og_type":"article","og_title":"Communications and Compliance","og_url":"https:\/\/osar.is\/staging\/osar-english\/communications-and-compliance\/","og_site_name":"\u00d3sar","article_modified_time":"2025-10-21T12:40:47+00:00","twitter_card":"summary_large_image","twitter_misc":{"Estimated reading time":"2 minutes"},"schema":{"@context":"https:\/\/schema.org","@graph":[{"@type":"WebPage","@id":"https:\/\/osar.is\/staging\/osar-english\/communications-and-compliance\/","url":"https:\/\/osar.is\/staging\/osar-english\/communications-and-compliance\/","name":"Communications and Compliance - \u00d3sar","isPartOf":{"@id":"https:\/\/osar.is\/staging\/#website"},"datePublished":"2022-08-11T10:17:42+00:00","dateModified":"2025-10-21T12:40:47+00:00","breadcrumb":{"@id":"https:\/\/osar.is\/staging\/osar-english\/communications-and-compliance\/#breadcrumb"},"inLanguage":"en-GB","potentialAction":[{"@type":"ReadAction","target":["https:\/\/osar.is\/staging\/osar-english\/communications-and-compliance\/"]}]},{"@type":"BreadcrumbList","@id":"https:\/\/osar.is\/staging\/osar-english\/communications-and-compliance\/#breadcrumb","itemListElement":[{"@type":"ListItem","position":1,"name":"Home","item":"https:\/\/osar.is\/staging\/"},{"@type":"ListItem","position":2,"name":"\u00d3sar &#8211; english","item":"https:\/\/osar.is\/staging\/osar-english\/"},{"@type":"ListItem","position":3,"name":"Communications and Compliance"}]},{"@type":"WebSite","@id":"https:\/\/osar.is\/staging\/#website","url":"https:\/\/osar.is\/staging\/","name":"\u00d3sar - l\u00edf\u00e6\u00f0 heilbrig\u00f0is","description":"L\u00edf\u00e6\u00f0 heilbrig\u00f0is","publisher":{"@id":"https:\/\/osar.is\/staging\/#organization"},"potentialAction":[{"@type":"SearchAction","target":{"@type":"EntryPoint","urlTemplate":"https:\/\/osar.is\/staging\/?s={search_term_string}"},"query-input":{"@type":"PropertyValueSpecification","valueRequired":true,"valueName":"search_term_string"}}],"inLanguage":"en-GB"},{"@type":"Organization","@id":"https:\/\/osar.is\/staging\/#organization","name":"\u00d3sar - l\u00edf\u00e6\u00f0 heilbrig\u00f0is","url":"https:\/\/osar.is\/staging\/","logo":{"@type":"ImageObject","inLanguage":"en-GB","@id":"https:\/\/osar.is\/staging\/#\/schema\/logo\/image\/","url":"https:\/\/osar.is\/staging\/wp-content\/uploads\/2022\/05\/Osar_ljost_slagord_logo.png","contentUrl":"https:\/\/osar.is\/staging\/wp-content\/uploads\/2022\/05\/Osar_ljost_slagord_logo.png","width":1815,"height":383,"caption":"\u00d3sar - l\u00edf\u00e6\u00f0 heilbrig\u00f0is"},"image":{"@id":"https:\/\/osar.is\/staging\/#\/schema\/logo\/image\/"}}]}},"_links":{"self":[{"href":"https:\/\/osar.is\/staging\/wp-json\/wp\/v2\/pages\/2899","targetHints":{"allow":["GET"]}}],"collection":[{"href":"https:\/\/osar.is\/staging\/wp-json\/wp\/v2\/pages"}],"about":[{"href":"https:\/\/osar.is\/staging\/wp-json\/wp\/v2\/types\/page"}],"author":[{"embeddable":true,"href":"https:\/\/osar.is\/staging\/wp-json\/wp\/v2\/users\/2"}],"replies":[{"embeddable":true,"href":"https:\/\/osar.is\/staging\/wp-json\/wp\/v2\/comments?post=2899"}],"version-history":[{"count":1,"href":"https:\/\/osar.is\/staging\/wp-json\/wp\/v2\/pages\/2899\/revisions"}],"predecessor-version":[{"id":6097,"href":"https:\/\/osar.is\/staging\/wp-json\/wp\/v2\/pages\/2899\/revisions\/6097"}],"up":[{"embeddable":true,"href":"https:\/\/osar.is\/staging\/wp-json\/wp\/v2\/pages\/2896"}],"wp:attachment":[{"href":"https:\/\/osar.is\/staging\/wp-json\/wp\/v2\/media?parent=2899"}],"curies":[{"name":"wp","href":"https:\/\/api.w.org\/{rel}","templated":true}]}}